{"id":1866,"date":"2016-10-10T15:12:40","date_gmt":"2016-10-10T15:12:40","guid":{"rendered":"https:\/\/thebeastandthebeauty.com\/how-to-make-a-wedding-website-like-this\/"},"modified":"2022-01-14T21:56:35","modified_gmt":"2022-01-14T21:56:35","slug":"ali-vam-je-vsec-najina-porocna-spletna-stran","status":"publish","type":"page","link":"https:\/\/thebeastandthebeauty.com\/sl\/ali-vam-je-vsec-najina-porocna-spletna-stran\/","title":{"rendered":"Ali vam je v\u0161e\u010d najina poro\u010dna spletna stran?"},"content":{"rendered":"<p>[vc_row css=&#8221;.vc_custom_1476343737841{margin-top: 60px !important;}&#8221;][vc_column width=&#8221;1\/4&#8243;][\/vc_column][vc_column width=&#8221;1\/2&#8243;][vc_column_text]<\/p>\n<p style=\"color: #556277;\">Vam je bilo v\u0161e\u010d spletno mesto, ki smo ga ustvarili, da bi prijateljem in dru\u017eini naznanili najlep\u0161i dan v najinem \u017eivljenju? Zahvaljujo\u010d razvoju te spletne strani je bilo zbiranje povabil za goste in organiziranje vsega zelo zabavno.<\/p>\n<p>[\/vc_column_text]<div style=\"background-color:; height: 20px;\" class=\"nicdark_section  \"><\/div>[vc_column_text]<\/p>\n<p style=\"color: #556277;\">Bi radi imeli prilo\u017enost organizirati svojo poroko v popolni spokojnosti in imeti <u><a style=\"color: #7c98b3;\" href=\"https:\/\/frontendbyte.com\/\"><strong>\u010dudovito spletno stran<\/strong><\/a><\/u>, kjer lahko poka\u017eete svoje najbolj\u0161e fotografije, svoje dogodiv\u0161\u010dine in gostom sporo\u010dite vse potrebne informacije za ta edinstven in nepozaben dan?<\/p>\n<p>[\/vc_column_text]<div style=\"background-color:; height: 20px;\" class=\"nicdark_section  \"><\/div>[vc_single_image image=&#8221;1302&#8243; img_size=&#8221;large&#8221;]<div style=\"background-color:; height: 20px;\" class=\"nicdark_section  \"><\/div>[\/vc_column][vc_column width=&#8221;1\/4&#8243;][\/vc_column][\/vc_row][vc_row full_width=&#8221;stretch_row&#8221; css=&#8221;.vc_custom_1604010778049{padding-top: 40px !important;padding-bottom: 40px !important;}&#8221;][vc_column width=&#8221;1\/4&#8243;][\/vc_column][vc_column width=&#8221;1\/2&#8243;] <h3 style=\"color:#3c4d6a; padding:px; text-align:; font-size:20px; line-height:20px; letter-spacing: px; font-weight:normal;\" class=\"   nd_options_first_font \">Katere informacije potrebujemo?<\/h3> <div style=\"background-color:; height: 20px;\" class=\"nicdark_section  \"><\/div>\n    <div class=\"nd_options_section nd_options_line_height_0  nd_options_text_align_left \">\n        <span style=\"height:2px; width:30px; background-color:#3c4d6a;\" class=\"nd_options_display_inline_block\"><\/span>\n    <\/div>\n   <div style=\"background-color:; height: 25px;\" class=\"nicdark_section  \"><\/div> <p style=\"color:#556277; padding:px; text-align:; font-size:16px; line-height:22px; letter-spacing: px; font-weight:normal;\" class=\"   nd_options_second_font \">Spodaj vas prosimo za nekaj malih informacij o vas, ki nam bodo omogo\u010dile, da spletno mesto naredimo unikatno, posebno in prilagojeno za va\u0161o poroko.<\/p> <div style=\"background-color:; height: 30px;\" class=\"nicdark_section  \"><\/div>[vc_column_text]<\/p>\n<h3 style=\"color: #3c4d6a;\">1. Povejte nam o sebi v pribli\u017eno 150-200 besedah<\/h3>\n<p>[\/vc_column_text]<div style=\"background-color:; height: 10px;\" class=\"nicdark_section  \"><\/div>[vc_column_text]<\/p>\n<p style=\"color: #556277;\">\u010ce \u017eelite ustvariti spletno stran svojih sanj, nam morate povedati nekaj o sebi. Potrebujemo opis pribli\u017eno 150-200 besed za nevesto in 150-200 za \u017eenina. Da bo malo bolj zabavno, lahko storite tako, kot sva midva, v smislu, da lahko eden opi\u0161e drugega.<\/p>\n<p>[\/vc_column_text]<div style=\"background-color:; height: 30px;\" class=\"nicdark_section  \"><\/div>[vc_single_image image=&#8221;1301&#8243; img_size=&#8221;large&#8221;]<div style=\"background-color:; height: 40px;\" class=\"nicdark_section  \"><\/div>[vc_column_text]<\/p>\n<h3 style=\"color: #3c4d6a;\">2. Opi\u0161ite lokacijo<\/h3>\n<p>[\/vc_column_text]<div style=\"background-color:; height: 10px;\" class=\"nicdark_section  \"><\/div>[vc_column_text]<\/p>\n<p style=\"color: #556277;\">Opi\u0161ite na kratko, morda bo zadostovalo 150\u2013200 besed, kje bo slovesnost. Nekatere posebnosti in posebnosti kraja, kjer bo slovesnost, zgodovinske zapiske, naravne lepote za obisk itd. \u010ce \u017eelite, nam lahko posredujete tudi naslov, na ta na\u010din lahko spletno mesto pove\u017eemo z google maps in va\u0161i gostje bodo lokacijo na\u0161li otro\u010dje lahko. Na koncu vas prosimo za fotografijo kraja, na katerem bo sprejem.<\/p>\n<p>[\/vc_column_text]<div style=\"background-color:; height: 40px;\" class=\"nicdark_section  \"><\/div>[vc_column_text]<\/p>\n<h3 style=\"color: #3c4d6a;\">3. Opi\u0161ite slovesnost<\/h3>\n<p>[\/vc_column_text]<div style=\"background-color:; height: 10px;\" class=\"nicdark_section  \"><\/div>[vc_column_text]<\/p>\n<p style=\"color: #556277;\">Na kratko opi\u0161ite slovesnost: bo to civilna slovesnost? bo to verski obred? Kako in ob kateri uri bo slovesnost? Tudi v tem primeru vas prosimo za fotografijo kraja, seveda va\u0161ega najljub\u0161ega in naslov, da ga pove\u017eete z google maps, da bodo va\u0161i gostje zlahka pri\u0161li do kraja slovesnosti.<\/p>\n<p>[\/vc_column_text]<div style=\"background-color:; height: 40px;\" class=\"nicdark_section  \"><\/div>[vc_column_text]<\/p>\n<h3 style=\"color: #3c4d6a;\">4. Opi\u0161ite organizacijo poroke<\/h3>\n<p>[\/vc_column_text]<div style=\"background-color:; height: 10px;\" class=\"nicdark_section  \"><\/div>[vc_column_text]<\/p>\n<p style=\"color: #556277;\">Na kratko opi\u0161ite postopek slovesnosti: Ob kateri uri bo slovesnost? Kdaj se bo za\u010delo kosilo \/ ve\u010derja? Kdaj se pri\u010dakuje razrez torte? S temi informacijami bi lahko za va\u0161e goste ustvarili majhen na\u010drt poti, da bi bili popolnoma obve\u0161\u010deni o dnevnem programu.<\/p>\n<p>[\/vc_column_text]<div style=\"background-color:; height: 40px;\" class=\"nicdark_section  \"><\/div>[vc_column_text]<\/p>\n<h3 style=\"color: #3c4d6a;\">5. Predstavite nam \u010dlane svoje dru\u017eine z 2-4x slike.<\/h3>\n<p>[\/vc_column_text]<div style=\"background-color:; height: 10px;\" class=\"nicdark_section  \"><\/div>[vc_column_text]<\/p>\n<p style=\"color: #556277;\">Tukaj vas prosimo za nekaj fotografij vajinih dru\u017ein in kratek opis vsake od njih, le nekaj besed. Opis dru\u017einskih \u010dlanov v tem primeru ni potreben, lahko pa nam samo navedete njihova imena, na primer mama, o\u010de, moja sestra Anna, moj brat Alex, babica Sarah itd. (\u010de to seveda \u017eelite, sicer ni potrebno) \u010ce \u017eelite, lahko fotografije dru\u017eine nadomestite s fotografijo nevestinih dru\u017eic in enega od \u017eeninovih pri\u010d.<\/p>\n<p>[\/vc_column_text]<div style=\"background-color:; height: 40px;\" class=\"nicdark_section  \"><\/div>[vc_column_text]<\/p>\n<h3 style=\"color: #3c4d6a;\">6. Med 8 in 10 fotografij- lahko izberete svoje najljub\u0161e &#8211; poskrbite, da bodo vse slike v lo\u010dljivosti Full HD<\/h3>\n<p>[\/vc_column_text]<div style=\"background-color:; height: 10px;\" class=\"nicdark_section  \"><\/div>[vc_column_text]<\/p>\n<p style=\"color: #556277;\">Izberite med 8 in 10 fotografij, ki vas najbolje opisujejo kot posameznika in kot par. Tu si lahko privo\u0161\u010dite romanti\u010dne fotografije, malce nore, pustolovske, skratka, s temi fotografijami vas bolje predstavimo va\u0161im gostom.<\/p>\n<p>[\/vc_column_text]<div style=\"background-color:; height: 40px;\" class=\"nicdark_section  \"><\/div>[vc_column_text]<\/p>\n<h3 style=\"color: #3c4d6a;\">7. Ime domene va\u0161e poro\u010dne spletne strani<\/h3>\n<p>[\/vc_column_text]<div style=\"background-color:; height: 10px;\" class=\"nicdark_section  \"><\/div>[vc_column_text]<\/p>\n<p style=\"color: #556277;\">Tukaj bi nam morali navesti ime, ki bi ga \u017eeleli za svojo spletno stran, na primer thebeastandthebeauty.com (\u017eal, ukradli smo vam jo! :)) ali soonmarried.com ali lanaandandy.com. Povejte nam, kako bi radi poimenovali va\u0161e poro\u010dno spletno mesto, in domeno bomo kupili za vas. Cena strani vklju\u010duje gostovanje za eno leto.<\/p>\n<p>[\/vc_column_text]<div style=\"background-color:; height: 40px;\" class=\"nicdark_section  \"><\/div>[vc_column_text]<\/p>\n<h3 style=\"color: #3c4d6a;\">8. 2 do 3 va\u0161e najljub\u0161e barve<\/h3>\n<p>[\/vc_column_text]<div style=\"background-color:; height: 10px;\" class=\"nicdark_section  \"><\/div>[vc_column_text]<\/p>\n<p style=\"color: #556277;\">Tukaj nam morate posredovati svoje najljub\u0161e barve, to bodo barve spletnega mesta. \u010ce bo va\u0161a poroka tematska poroka ali ste se \u017ee odlo\u010dili za dolo\u010dene barve, nam jih posredujte, da bomo lahko poskrbeli, da bo tudi spletna stran odra\u017eala barve, ki ste jih izbrali za va\u0161 poseben dan. Barve, ki nam jih posredujete, bodo torej sestavljale paleto va\u0161ega spletnega mesta.<\/p>\n<p>[\/vc_column_text]<div style=\"background-color:; height: 40px;\" class=\"nicdark_section  \"><\/div>[vc_column_text]<\/p>\n<h2 style=\"text-align: center; color: #3c4d6a;\"><strong>Stro\u0161ki spletne strani za va\u0161o poroko zna\u0161ajo pribli\u017eno 300 evrov<\/strong><\/h2>\n<p>[\/vc_column_text][\/vc_column][vc_column width=&#8221;1\/4&#8243;][\/vc_column][\/vc_row][vc_row full_width=&#8221;stretch_row&#8221; css=&#8221;.vc_custom_1603749342039{margin-top: 60px !important;padding-top: 40px !important;padding-bottom: 40px !important;}&#8221;][vc_column width=&#8221;1\/4&#8243;][\/vc_column][vc_column width=&#8221;1\/2&#8243;] <h3 style=\"color:#3c4d6a; padding:px; text-align:; font-size:20px; line-height:20px; letter-spacing: px; font-weight:normal;\" class=\"   nd_options_first_font \">Kontaktiraj nas<\/h3> <div style=\"background-color:; height: 20px;\" class=\"nicdark_section  \"><\/div>\n    <div class=\"nd_options_section nd_options_line_height_0  nd_options_text_align_left \">\n        <span style=\"height:2px; width:30px; background-color:#3c4d6a;\" class=\"nd_options_display_inline_block\"><\/span>\n    <\/div>\n   <div style=\"background-color:; height: 20px;\" class=\"nicdark_section  \"><\/div>\n\n    <style>\n\n    #nd_options_shortcode_cf7_5 input[type=\"text\"],\n    #nd_options_shortcode_cf7_5 input[type=\"email\"],\n    #nd_options_shortcode_cf7_5 input[type=\"url\"],\n    #nd_options_shortcode_cf7_5 input[type=\"tel\"],\n    #nd_options_shortcode_cf7_5 input[type=\"number\"],\n    #nd_options_shortcode_cf7_5 input[type=\"date\"],\n    #nd_options_shortcode_cf7_5 input[type=\"checkbox\"],\n    #nd_options_shortcode_cf7_5 input[type=\"file\"],\n    #nd_options_shortcode_cf7_5 textarea,\n    #nd_options_shortcode_cf7_5 label,\n    #nd_options_shortcode_cf7_5 select\n    {\n\n      width: 100%;\n\n    }\n\n\n    .nd_options_customizer_forms span.wpcf7-not-valid-tip,\n    .nd_options_customizer_forms .wpcf7-response-output.wpcf7-validation-errors,\n    .nd_options_customizer_forms .wpcf7-response-output.wpcf7-mail-sent-ok\n    {\n\n      float: left;\n      width: 100%;\n      box-sizing: border-box;\n\n    }\n\n    <\/style>\n\n  \n\n    <!--start form-->\n    <div id=\"nd_options_shortcode_cf7_5\" class=\"nd_options_section \">\n      \n      <div class=\"nd_options_section nd_options_box_sizing_border_box\">\n        <div role=\"form\" class=\"wpcf7\" id=\"wpcf7-f1907-o1\" lang=\"en-US\" dir=\"ltr\">\n<div class=\"screen-reader-response\"><p role=\"status\" aria-live=\"polite\" aria-atomic=\"true\"><\/p> <ul><\/ul><\/div>\n<form action=\"\/sl\/wp-json\/wp\/v2\/pages\/1866\/#wpcf7-f1907-o1\" method=\"post\" class=\"wpcf7-form init\" novalidate=\"novalidate\" data-status=\"init\">\n<div style=\"display: none;\">\n<input type=\"hidden\" name=\"_wpcf7\" value=\"1907\" \/>\n<input type=\"hidden\" name=\"_wpcf7_version\" value=\"5.3.2\" \/>\n<input type=\"hidden\" name=\"_wpcf7_locale\" value=\"en_US\" \/>\n<input type=\"hidden\" name=\"_wpcf7_unit_tag\" value=\"wpcf7-f1907-o1\" \/>\n<input type=\"hidden\" name=\"_wpcf7_container_post\" value=\"0\" \/>\n<input type=\"hidden\" name=\"_wpcf7_posted_data_hash\" value=\"\" \/>\n<\/div>\n<p><label> Ime (obvezno)<br \/>\n    <span class=\"wpcf7-form-control-wrap your-name\"><input type=\"text\" name=\"your-name\" value=\"\" size=\"40\" class=\"wpcf7-form-control wpcf7-text wpcf7-validates-as-required\" aria-required=\"true\" aria-invalid=\"false\" \/><\/span> <\/label><\/p>\n<p><label> Email<br \/>\n    <span class=\"wpcf7-form-control-wrap your-email\"><input type=\"email\" name=\"your-email\" value=\"\" size=\"40\" class=\"wpcf7-form-control wpcf7-text wpcf7-email wpcf7-validates-as-required wpcf7-validates-as-email\" aria-required=\"true\" aria-invalid=\"false\" \/><\/span> <\/label><\/p>\n<p><label> Predmet<br \/>\n    <span class=\"wpcf7-form-control-wrap your-subject\"><input type=\"text\" name=\"your-subject\" value=\"\" size=\"40\" class=\"wpcf7-form-control wpcf7-text wpcf7-validates-as-required\" aria-required=\"true\" aria-invalid=\"false\" \/><\/span> <\/label><\/p>\n<p><label> Va\u0161e sporo\u010dilo (neobvezno)<br \/>\n    <span class=\"wpcf7-form-control-wrap your-message\"><textarea name=\"your-message\" cols=\"40\" rows=\"10\" class=\"wpcf7-form-control wpcf7-textarea\" aria-invalid=\"false\"><\/textarea><\/span> <\/label><\/p>\n<p><input type=\"submit\" value=\"Po\u0161lji\" class=\"wpcf7-form-control wpcf7-submit\" \/><\/p>\n<div class=\"wpcf7-response-output\" aria-hidden=\"true\"><\/div><\/form><\/div> \n      <\/div>  \n\n    <\/div>\n    <!--end form-->\n\n   <div style=\"background-color:; height: 30px;\" class=\"nicdark_section  \"><\/div>[\/vc_column][vc_column width=&#8221;1\/4&#8243;][\/vc_column][\/vc_row][vc_row full_width=&#8221;stretch_row&#8221; css=&#8221;.vc_custom_1599508399549{margin-top: 60px !important;padding-top: 40px !important;padding-bottom: 40px !important;background-color: #e0cfb6 !important;}&#8221;][vc_column] <h2 style=\"color:#3c4d6a; padding:px; text-align:center; font-size:25px; line-height:25px; letter-spacing: px; font-weight:normal;\" class=\"   nd_options_first_font \">\u201cResni\u010dno smo veseli, da smo lahko pomagali, da bo va\u0161a poroka edinstvena \u201d<\/h2> <div style=\"background-color:; height: 20px;\" class=\"nicdark_section  \"><\/div> <h2 style=\"color:#3c4d6a; padding:px; text-align:center; font-size:25px; line-height:25px; letter-spacing: px; font-weight:normal;\" class=\"   nd_options_third_font \">Alessia &amp; Andrea<\/h2> [\/vc_column][\/vc_row]<\/p>\n","protected":false},"excerpt":{"rendered":"<p>[vc_row css=&#8221;.vc_custom_1476343737841{margin-top: 60px !important;}&#8221;][vc_column width=&#8221;1\/4&#8243;][\/vc_column][vc_column width=&#8221;1\/2&#8243;][vc_column_text] Vam je bilo v\u0161e\u010d spletno mesto, ki smo ga ustvarili, da bi prijateljem in dru\u017eini naznanili najlep\u0161i dan v najinem \u017eivljenju? Zahvaljujo\u010d razvoju te spletne strani je bilo zbiranje povabil za goste in organiziranje vsega zelo zabavno. [\/vc_column_text][vc_column_text] Bi radi imeli prilo\u017enost organizirati svojo poroko v popolni spokojnosti in [&hellip;]<\/p>\n","protected":false},"author":1,"featured_media":0,"parent":0,"menu_order":0,"comment_status":"closed","ping_status":"closed","template":"","meta":[],"_links":{"self":[{"href":"https:\/\/thebeastandthebeauty.com\/sl\/wp-json\/wp\/v2\/pages\/1866\/"}],"collection":[{"href":"https:\/\/thebeastandthebeauty.com\/sl\/wp-json\/wp\/v2\/pages\/"}],"about":[{"href":"https:\/\/thebeastandthebeauty.com\/sl\/wp-json\/wp\/v2\/types\/page\/"}],"author":[{"embeddable":true,"href":"https:\/\/thebeastandthebeauty.com\/sl\/wp-json\/wp\/v2\/users\/1\/"}],"replies":[{"embeddable":true,"href":"https:\/\/thebeastandthebeauty.com\/sl\/wp-json\/wp\/v2\/comments\/?post=1866"}],"version-history":[{"count":5,"href":"https:\/\/thebeastandthebeauty.com\/sl\/wp-json\/wp\/v2\/pages\/1866\/revisions\/"}],"predecessor-version":[{"id":1911,"href":"https:\/\/thebeastandthebeauty.com\/sl\/wp-json\/wp\/v2\/pages\/1866\/revisions\/1911\/"}],"wp:attachment":[{"href":"https:\/\/thebeastandthebeauty.com\/sl\/wp-json\/wp\/v2\/media\/?parent=1866"}],"curies":[{"name":"wp","href":"https:\/\/api.w.org\/{rel}","templated":true}]}}