{"id":1354,"date":"2016-10-10T15:12:40","date_gmt":"2016-10-10T15:12:40","guid":{"rendered":"https:\/\/thebeastandthebeauty.com\/how-to-make-a-wedding-website-like-this\/"},"modified":"2022-01-13T15:10:48","modified_gmt":"2022-01-13T15:10:48","slug":"il-sito-web-del-nostro-matrimonio","status":"publish","type":"page","link":"https:\/\/thebeastandthebeauty.com\/it\/il-sito-web-del-nostro-matrimonio\/","title":{"rendered":"Vi \u00e8 piace il sito web del nostro matrimonio?"},"content":{"rendered":"<p>[vc_row css=&#8221;.vc_custom_1476343737841{margin-top: 60px !important;}&#8221;][vc_column width=&#8221;1\/4&#8243;][\/vc_column][vc_column width=&#8221;1\/2&#8243;][vc_column_text]<\/p>\n<p style=\"color: #556277;\">Vi \u00e8 piaciuto il sito che abbiamo creato per annunciare il giorno pi\u00f9 bello della nostra vita ai nostri amici e familiari?<br \/>\nGrazie <u><a style=\"color: #7c98b3;\" href=\"https:\/\/frontendbyte.com\/\"><strong>allo sviluppo di questo sito web<\/strong><\/a><\/u>, raccogliere gli inviti degli ospiti e organizzare tutto \u00e8 stato un gioco da ragazzi.<\/p>\n<p>[\/vc_column_text]<div style=\"background-color:; height: 20px;\" class=\"nicdark_section  \"><\/div>[vc_column_text]<\/p>\n<p style=\"color: #556277;\">Ti piacerebbe avere la possibilit\u00e0 di organizzare il vostro matrimonio in tutta tranquillit\u00e0 e avere un meraviglioso sito dove poter mostrare le vostre foto pi\u00f9 belle, le vostre avventure e comunicare ai vostri ospiti tutte le informazioni necessarie per questo giorno unico ed indimenticabile?<\/p>\n<p>[\/vc_column_text]<div style=\"background-color:; height: 20px;\" class=\"nicdark_section  \"><\/div>[vc_single_image image=&#8221;1302&#8243; img_size=&#8221;large&#8221;]<div style=\"background-color:; height: 20px;\" class=\"nicdark_section  \"><\/div>[\/vc_column][vc_column width=&#8221;1\/4&#8243;][\/vc_column][\/vc_row][vc_row full_width=&#8221;stretch_row&#8221; css=&#8221;.vc_custom_1604010778049{padding-top: 40px !important;padding-bottom: 40px !important;}&#8221;][vc_column width=&#8221;1\/4&#8243;][\/vc_column][vc_column width=&#8221;1\/2&#8243;] <h3 style=\"color:#3c4d6a; padding:px; text-align:; font-size:20px; line-height:20px; letter-spacing: px; font-weight:normal;\" class=\"   nd_options_first_font \">Di quali informazioni abbiamo bisogno?<\/h3> <div style=\"background-color:; height: 20px;\" class=\"nicdark_section  \"><\/div>\n    <div class=\"nd_options_section nd_options_line_height_0  nd_options_text_align_left \">\n        <span style=\"height:2px; width:30px; background-color:#3c4d6a;\" class=\"nd_options_display_inline_block\"><\/span>\n    <\/div>\n   <div style=\"background-color:; height: 25px;\" class=\"nicdark_section  \"><\/div> <p style=\"color:#556277; padding:px; text-align:; font-size:16px; line-height:22px; letter-spacing: px; font-weight:normal;\" class=\"   nd_options_second_font \">Di seguito vi chiediamo alcune piccole informazioni su di voi che ci permetteranno di rendere unico, speciale e personalizzato il sito per il vostro matrimonio.<\/p> <div style=\"background-color:; height: 30px;\" class=\"nicdark_section  \"><\/div>[vc_column_text]<\/p>\n<h3 style=\"color: #3c4d6a;\">1. Raccontateci di voi in circa 150-200 parole<\/h3>\n<p>[\/vc_column_text]<div style=\"background-color:; height: 10px;\" class=\"nicdark_section  \"><\/div>[vc_column_text]<\/p>\n<p style=\"color: #556277;\">Per creare il sito web dei vostri sogni, abbiamo bisogno che ci parliate un po &#8216;di voi. Abbiamo bisogno di una descrizione di circa 150-200 parole per la sposa e 150-200 per lo sposo. Per renderlo un po &#8216;pi\u00f9 divertente, potete fare come abbiamo fatto noi, nel senso che uno di voi pu\u00f2 descrivere l&#8217;altro.<\/p>\n<p>[\/vc_column_text]<div style=\"background-color:; height: 30px;\" class=\"nicdark_section  \"><\/div>[vc_single_image image=&#8221;1301&#8243; img_size=&#8221;large&#8221;]<div style=\"background-color:; height: 40px;\" class=\"nicdark_section  \"><\/div>[vc_column_text]<\/p>\n<h3 style=\"color: #3c4d6a;\">2. Descriveteci la location<\/h3>\n<p>[\/vc_column_text]<div style=\"background-color:; height: 10px;\" class=\"nicdark_section  \"><\/div>[vc_column_text]<\/p>\n<p style=\"color: #556277;\">Descriveteci brevemente, 150-200 parole posono bastare, dove si svolger\u00e0 la cerimonia. Potrebbero tornarci utili alcune particolarit\u00e0 e peculiarit\u00e0 del luogo in cui si svolger\u00e0 la cerimonia, cenni storici, bellezze naturali da visitare, ecc. Se volete potete anche fornirci l&#8217;indirizzo, in questo modo potremmo vollegare il sito a google maps e per i vostri ospiti raggiungere le varie location sar\u00e0 un gioco da ragazzi. Infine vi chiediamo una foto, quella che secondo voi \u00e8 la pi\u00f9 bella, del luogo in cui si svolger\u00e0 il ricevimento.<\/p>\n<p>[\/vc_column_text]<div style=\"background-color:; height: 40px;\" class=\"nicdark_section  \"><\/div>[vc_column_text]<\/p>\n<h3 style=\"color: #3c4d6a;\">3. Descriveteci la cerimonia<\/h3>\n<p>[\/vc_column_text]<div style=\"background-color:; height: 10px;\" class=\"nicdark_section  \"><\/div>[vc_column_text]<\/p>\n<p style=\"color: #556277;\">Descriveteci brevemente la cerimonia: sar\u00e0 una cerimonia civile? sar\u00e0 un rito religioso? A che ora sar\u00e0 la cerimonia? Anche in questo caso vi chiediamo una foto del luogo, la vostra preferita ovviamente, e l&#8217;indirizzo per collegarlo a google maps cos\u00ec da permettere ai vostri invitati di raggiungere facilmente il luogo della cerimonia.<\/p>\n<p>[\/vc_column_text]<div style=\"background-color:; height: 40px;\" class=\"nicdark_section  \"><\/div>[vc_column_text]<\/p>\n<h3 style=\"color: #3c4d6a;\">4. Descriveteci l&#8217;organizzazione del matrimonio<\/h3>\n<p>[\/vc_column_text]<div style=\"background-color:; height: 10px;\" class=\"nicdark_section  \"><\/div>[vc_column_text]<\/p>\n<p style=\"color: #556277;\">Descriveteci brevemente lo svolgimento della cerimonia: A che ora sar\u00e0 la cerimonia? A che ora inizier\u00e0 il pranzo \/ cena? A che ora \u00e8 prevista la torta? Con queste informazioni potremmo creare un piccolo itinerario per i vostri ospiti per tenerli sempre perfettamente informati sul programma della giornata.<\/p>\n<p>[\/vc_column_text]<div style=\"background-color:; height: 40px;\" class=\"nicdark_section  \"><\/div>[vc_column_text]<\/p>\n<h3 style=\"color: #3c4d6a;\">5. Presentateci le vostre famiglie con delle immagini 2-4x<\/h3>\n<p>[\/vc_column_text]<div style=\"background-color:; height: 10px;\" class=\"nicdark_section  \"><\/div>[vc_column_text]<\/p>\n<p style=\"color: #556277;\">Qui vi chiediamo alcune foto delle vostre famiglie e una breve descrizione di ognuna di esse, bastano poche parole. La descrizione dei membri della famiglia non \u00e8 necessaria in questo caso potete anche solo darci i loro nomi ad esempio mamma, pap\u00e0, mia sorella Anna, mio fratello Alex, nonna Sarah, ecc. (se lo volete ovviamente, altrimenti non \u00e8 necessario) Se lo desiderate, le foto della famiglia possono essere sostituite da una foto delle damigelle della sposa e una dei testimoni dello sposo.<\/p>\n<p>[\/vc_column_text]<div style=\"background-color:; height: 40px;\" class=\"nicdark_section  \"><\/div>[vc_column_text]<\/p>\n<h3 style=\"color: #3c4d6a;\">6. 8-10 vostre fotografie, potete scegliere le vostre preferite &#8211; Assicuratevi che tutte le immagini abbiano una risoluzione Full HD<\/h3>\n<p>[\/vc_column_text]<div style=\"background-color:; height: 10px;\" class=\"nicdark_section  \"><\/div>[vc_column_text]<\/p>\n<p style=\"color: #556277;\">Scegliete da 8 a 10 foto che vi descrivono al meglio sia come singola persona che come coppia. Qui potete sbizzarrirti con foto romantiche, un po &#8216;pazze, avventurose, insomma, fatevi conoscere meglio dai vostri ospiti attraverso queste foto.<\/p>\n<p>[\/vc_column_text]<div style=\"background-color:; height: 40px;\" class=\"nicdark_section  \"><\/div>[vc_column_text]<\/p>\n<h3 style=\"color: #3c4d6a;\">7. Il nome del dominio del sito web del vostro matrimonio<\/h3>\n<p>[\/vc_column_text]<div style=\"background-color:; height: 10px;\" class=\"nicdark_section  \"><\/div>[vc_column_text]<\/p>\n<p style=\"color: #556277;\">Qui dovreste fornirci il nome che vorreste per il vostro sito web, ad esempio thebeastandthebeauty.com (oops, sfortunatamente, ve lo abbiamo rubato! :)) o soonmarried.com o lanaandandy.com. Diteci come vorreste chiamare il sito del vostro matrimonio e noi acquisteremo il dominio per voi. Nel prezzo del sito \u00e8 incluso l&#8217;hosting per un anno.<\/p>\n<p>[\/vc_column_text]<div style=\"background-color:; height: 40px;\" class=\"nicdark_section  \"><\/div>[vc_column_text]<\/p>\n<h3 style=\"color: #3c4d6a;\">8. Abbiamo bisogno di 2-3 dei vostri colori preferiti<\/h3>\n<p>[\/vc_column_text]<div style=\"background-color:; height: 10px;\" class=\"nicdark_section  \"><\/div>[vc_column_text]<\/p>\n<p style=\"color: #556277;\">Qui dovreste fornirci i vostri colori preferiti, questi saranno i colori del sito. Se il vostro matrimonio sar\u00e0 un matrimonio a tema o avete gi\u00e0 deciso colori specifici, vi preghiamo di fornirceli, cos\u00ec potremmo fare in modo che anche il sito rifletta i colori che avete scelto per il vostro giorno speciale. Quindi i colori che ci fornirete costituiranno la tavolozza del vostro sito web.<\/p>\n<p>[\/vc_column_text]<div style=\"background-color:; height: 40px;\" class=\"nicdark_section  \"><\/div>[vc_column_text]<\/p>\n<h2 style=\"text-align: center; color: #3c4d6a;\"><strong>Il costo del sito web per il vostro matrimonio \u00e8 di circa 300 Euro<\/strong><\/h2>\n<p>[\/vc_column_text][\/vc_column][vc_column width=&#8221;1\/4&#8243;][\/vc_column][\/vc_row][vc_row full_width=&#8221;stretch_row&#8221; css=&#8221;.vc_custom_1603749342039{margin-top: 60px !important;padding-top: 40px !important;padding-bottom: 40px !important;}&#8221;][vc_column width=&#8221;1\/4&#8243;][\/vc_column][vc_column width=&#8221;1\/2&#8243;] <h3 style=\"color:#3c4d6a; padding:px; text-align:; font-size:20px; line-height:20px; letter-spacing: px; font-weight:normal;\" class=\"   nd_options_first_font \">Contattaci<\/h3> <div style=\"background-color:; height: 20px;\" class=\"nicdark_section  \"><\/div>\n    <div class=\"nd_options_section nd_options_line_height_0  nd_options_text_align_left \">\n        <span style=\"height:2px; width:30px; background-color:#3c4d6a;\" class=\"nd_options_display_inline_block\"><\/span>\n    <\/div>\n   <div style=\"background-color:; height: 20px;\" class=\"nicdark_section  \"><\/div>\n\n    <style>\n\n    #nd_options_shortcode_cf7_5 input[type=\"text\"],\n    #nd_options_shortcode_cf7_5 input[type=\"email\"],\n    #nd_options_shortcode_cf7_5 input[type=\"url\"],\n    #nd_options_shortcode_cf7_5 input[type=\"tel\"],\n    #nd_options_shortcode_cf7_5 input[type=\"number\"],\n    #nd_options_shortcode_cf7_5 input[type=\"date\"],\n    #nd_options_shortcode_cf7_5 input[type=\"checkbox\"],\n    #nd_options_shortcode_cf7_5 input[type=\"file\"],\n    #nd_options_shortcode_cf7_5 textarea,\n    #nd_options_shortcode_cf7_5 label,\n    #nd_options_shortcode_cf7_5 select\n    {\n\n      width: 100%;\n\n    }\n\n\n    .nd_options_customizer_forms span.wpcf7-not-valid-tip,\n    .nd_options_customizer_forms .wpcf7-response-output.wpcf7-validation-errors,\n    .nd_options_customizer_forms .wpcf7-response-output.wpcf7-mail-sent-ok\n    {\n\n      float: left;\n      width: 100%;\n      box-sizing: border-box;\n\n    }\n\n    <\/style>\n\n  \n\n    <!--start form-->\n    <div id=\"nd_options_shortcode_cf7_5\" class=\"nd_options_section \">\n      \n      <div class=\"nd_options_section nd_options_box_sizing_border_box\">\n        <div role=\"form\" class=\"wpcf7\" id=\"wpcf7-f1830-o1\" lang=\"en-US\" dir=\"ltr\">\n<div class=\"screen-reader-response\"><p role=\"status\" aria-live=\"polite\" aria-atomic=\"true\"><\/p> <ul><\/ul><\/div>\n<form action=\"\/it\/wp-json\/wp\/v2\/pages\/1354\/#wpcf7-f1830-o1\" method=\"post\" class=\"wpcf7-form init\" novalidate=\"novalidate\" data-status=\"init\">\n<div style=\"display: none;\">\n<input type=\"hidden\" name=\"_wpcf7\" value=\"1830\" \/>\n<input type=\"hidden\" name=\"_wpcf7_version\" value=\"5.3.2\" \/>\n<input type=\"hidden\" name=\"_wpcf7_locale\" value=\"en_US\" \/>\n<input type=\"hidden\" name=\"_wpcf7_unit_tag\" value=\"wpcf7-f1830-o1\" \/>\n<input type=\"hidden\" name=\"_wpcf7_container_post\" value=\"0\" \/>\n<input type=\"hidden\" name=\"_wpcf7_posted_data_hash\" value=\"\" \/>\n<\/div>\n<p><label> Nome (obligatorio)<br \/>\n    <span class=\"wpcf7-form-control-wrap your-name\"><input type=\"text\" name=\"your-name\" value=\"\" size=\"40\" class=\"wpcf7-form-control wpcf7-text wpcf7-validates-as-required\" aria-required=\"true\" aria-invalid=\"false\" \/><\/span> <\/label><\/p>\n<p><label> Email<br \/>\n    <span class=\"wpcf7-form-control-wrap your-email\"><input type=\"email\" name=\"your-email\" value=\"\" size=\"40\" class=\"wpcf7-form-control wpcf7-text wpcf7-email wpcf7-validates-as-required wpcf7-validates-as-email\" aria-required=\"true\" aria-invalid=\"false\" \/><\/span> <\/label><\/p>\n<p><label> Oggetto<br \/>\n    <span class=\"wpcf7-form-control-wrap your-subject\"><input type=\"text\" name=\"your-subject\" value=\"\" size=\"40\" class=\"wpcf7-form-control wpcf7-text wpcf7-validates-as-required\" aria-required=\"true\" aria-invalid=\"false\" \/><\/span> <\/label><\/p>\n<p><label> Scrivi qui il tuo messaggio (opzionale)<br \/>\n    <span class=\"wpcf7-form-control-wrap your-message\"><textarea name=\"your-message\" cols=\"40\" rows=\"10\" class=\"wpcf7-form-control wpcf7-textarea\" aria-invalid=\"false\"><\/textarea><\/span> <\/label><\/p>\n<p><input type=\"submit\" value=\"Invia\" class=\"wpcf7-form-control wpcf7-submit\" \/><\/p>\n<div class=\"wpcf7-response-output\" aria-hidden=\"true\"><\/div><\/form><\/div> \n      <\/div>  \n\n    <\/div>\n    <!--end form-->\n\n   <div style=\"background-color:; height: 30px;\" class=\"nicdark_section  \"><\/div>[\/vc_column][vc_column width=&#8221;1\/4&#8243;][\/vc_column][\/vc_row][vc_row full_width=&#8221;stretch_row&#8221; css=&#8221;.vc_custom_1599508399549{margin-top: 60px !important;padding-top: 40px !important;padding-bottom: 40px !important;background-color: #e0cfb6 !important;}&#8221;][vc_column] <h2 style=\"color:#3c4d6a; padding:px; text-align:center; font-size:25px; line-height:25px; letter-spacing: px; font-weight:normal;\" class=\"   nd_options_first_font \">\u201c Siamo davvero felici di aver potuto contribuire a rendere il tuo matrimonio unico\u201d<\/h2> <div style=\"background-color:; height: 20px;\" class=\"nicdark_section  \"><\/div> <h2 style=\"color:#3c4d6a; padding:px; text-align:center; font-size:25px; line-height:25px; letter-spacing: px; font-weight:normal;\" class=\"   nd_options_third_font \">Alessia &amp; Andrea<\/h2> [\/vc_column][\/vc_row]<\/p>\n","protected":false},"excerpt":{"rendered":"<p>[vc_row css=&#8221;.vc_custom_1476343737841{margin-top: 60px !important;}&#8221;][vc_column width=&#8221;1\/4&#8243;][\/vc_column][vc_column width=&#8221;1\/2&#8243;][vc_column_text] Vi \u00e8 piaciuto il sito che abbiamo creato per annunciare il giorno pi\u00f9 bello della nostra vita ai nostri amici e familiari? Grazie allo sviluppo di questo sito web, raccogliere gli inviti degli ospiti e organizzare tutto \u00e8 stato un gioco da ragazzi. [\/vc_column_text][vc_column_text] Ti piacerebbe avere la possibilit\u00e0 [&hellip;]<\/p>\n","protected":false},"author":1,"featured_media":0,"parent":0,"menu_order":0,"comment_status":"closed","ping_status":"closed","template":"","meta":[],"_links":{"self":[{"href":"https:\/\/thebeastandthebeauty.com\/it\/wp-json\/wp\/v2\/pages\/1354\/"}],"collection":[{"href":"https:\/\/thebeastandthebeauty.com\/it\/wp-json\/wp\/v2\/pages\/"}],"about":[{"href":"https:\/\/thebeastandthebeauty.com\/it\/wp-json\/wp\/v2\/types\/page\/"}],"author":[{"embeddable":true,"href":"https:\/\/thebeastandthebeauty.com\/it\/wp-json\/wp\/v2\/users\/1\/"}],"replies":[{"embeddable":true,"href":"https:\/\/thebeastandthebeauty.com\/it\/wp-json\/wp\/v2\/comments\/?post=1354"}],"version-history":[{"count":13,"href":"https:\/\/thebeastandthebeauty.com\/it\/wp-json\/wp\/v2\/pages\/1354\/revisions\/"}],"predecessor-version":[{"id":1861,"href":"https:\/\/thebeastandthebeauty.com\/it\/wp-json\/wp\/v2\/pages\/1354\/revisions\/1861\/"}],"wp:attachment":[{"href":"https:\/\/thebeastandthebeauty.com\/it\/wp-json\/wp\/v2\/media\/?parent=1354"}],"curies":[{"name":"wp","href":"https:\/\/api.w.org\/{rel}","templated":true}]}}